{"id":7705,"date":"2021-08-06T12:21:33","date_gmt":"2021-08-06T11:21:33","guid":{"rendered":"https:\/\/www.cl-y.com\/?page_id=7705"},"modified":"2023-12-13T17:49:24","modified_gmt":"2023-12-13T16:49:24","slug":"ueber-uns","status":"publish","type":"page","link":"https:\/\/www.cl-y.com\/de\/ueber-uns\/","title":{"rendered":"\u00dcBER UNS"},"content":{"rendered":"<div class=\"wpb-content-wrapper\"><p>[vc_row row_content_width=&#8220;grid&#8220; row_background_lines=&#8220;4&#8243;][vc_column][vc_empty_space height=&#8220;220px&#8220;][vc_empty_space height=&#8220;120px&#8220;]<div class=\"eltdf-section-title-holder front-headline eltdf-st-disable-title-break\" style=\"padding: 0 2% 10px;text-align: left\">\n\t<div class=\"eltdf-st-inner\">\n\t\t\t\t\t\t\t<h2 class=\"eltdf-st-title\" >\n\t\t\t\tCLY ist eine Eventagentur in Berlin. Unsere Leidenschaft sind exklusive Event-Erlebnisse und einzigartige Erlebnismarketing-Kampagnen.\t\t\t<\/h2>\n\t\t\t\t\t\t\t<\/div>\n<\/div>[vc_empty_space height=&#8220;60px&#8220;]<div class=\"eltdf-section-title-holder between-titles eltdf-st-disable-title-break\" style=\"padding: 0 2% 10px;text-align: left\">\n\t<div class=\"eltdf-st-inner\">\n\t\t\t\t\t\t\t<h2 class=\"eltdf-st-title\" >\n\t\t\t\tSeit 2009 verbindet CLY seine Leidenschaft f\u00fcr Lifestyle- und Luxusmarken mit einem professionellen 360-Grad-Kreativit\u00e4tsansatz f\u00fcr innovatives Branding und Eventproduktionen. Unser Kernteam aus Kommunikationsprofis auf Senior-Level wird von einem Hang zum Perfektionismus angetrieben und stellt sicher, dass selbst die kleinsten Details zu dem einzigartigen Gef\u00fchl jeder Produktion beitragen. Unser internationales Netzwerk von Spezialisten erm\u00f6glicht es uns, flexibel auf die unterschiedlichsten Ambitionen und speziellen Anforderungen unserer Kunden einzugehen.\t\t\t<\/h2>\n\t\t\t\t\t\t\t<\/div>\n<\/div>[vc_empty_space height=&#8220;64px&#8220; el_class=&#8220;space120&#8243;]<div class=\"eltdf-section-title-holder between-titles eltdf-st-disable-title-break\" style=\"padding: 0 2% 80px;text-align: left\">\n\t<div class=\"eltdf-st-inner\">\n\t\t\t\t\t\t\t<h2 class=\"eltdf-st-title\" >\n\t\t\t\tIn den letzten zehn Jahren hat CLY mit globalen und regionalen Marken wie OMEGA, Coca-Cola, Glash\u00fctte Original, Samsung und ADOBE zusammengearbeitet und dabei erfolgreich Marken und Zielgruppen \u00fcber alle Generationen und Demografien hinweg miteinander verbunden.\t\t\t<\/h2>\n\t\t\t\t\t\t\t<\/div>\n<\/div>[\/vc_column][\/vc_row][vc_row row_content_width=&#8220;grid&#8220; row_background_lines=&#8220;4&#8243; el_class=&#8220;about-blocks&#8220;][vc_column][vc_empty_space height=&#8220;60px&#8220; el_class=&#8220;space120&#8243;][\/vc_column][\/vc_row][vc_row row_background_lines=&#8220;none&#8220;][vc_column]<div class=\"eltdf-testimonials-holder eltdf-testimonials-boxed eltdf-content-in-grid  clearfix\" ><h1 class=\"eltdf-testimonials-boxed-title eltdf-grid\"><span>Testimonials<\/span><span class=\"eltdf-post-mark\"><span class=\"eltdf-quote-mark\">\u201d<\/span><\/span><\/h1><div class=\"eltdf-testimonials eltdf-grid eltdf-owl-slider\" data-number-of-items=\"1\" data-enable-loop=\"yes\" data-enable-autoplay=\"no\" data-slider-speed=\"5000\" data-slider-speed-animation=\"600\" data-enable-navigation=\"no\" data-enable-pagination=\"yes\"><div class=\"eltdf-testimonial-content\" id=\"eltdf-testimonials-7956\">\n\t<div class=\"eltdf-testimonial-text-holder\">\n\t\t\t\t\t\t\t<p class=\"eltdf-testimonial-text\">&quot;Wir haben mit Raffaele Castelli und CLY f\u00fcr Lufthansa Airlines The Americas gearbeitet. Wir waren von der Leistung beeindruckt: CLY organisierte nahtlos die Logistik, die Planung, die Verbindung zu den Anbietern und dem Standort und \u00fcbernahm das komplette Standortmanagement in einer sehr kurzen Aufbauzeit. Ich w\u00fcrde CLY sehr empfehlen.&quot;<\/p>\n\t\t\t\t\t\t\t<div class=\"eltdf-testimonials-author-holder clearfix\">\n\t\t\t\t\t\t\t\t\t<h6 class=\"eltdf-testimonial-author\">\n\t\t\t\t\t\t<span class=\"eltdf-testimonials-author-name\">Peter Taubitz,<\/span>\n\t\t\t\t\t\t\t\t\t\t\t\t\t<span class=\"eltdf-testimonials-author-job\">Manager Strategic Projects &amp; Assistent to the VP Lufthansa Airlines<\/span>\n\t\t\t\t\t\t\t\t\t\t\t<\/h6>\n\t\t\t\t\t\t\t<\/div>\n\t\t\t<\/div>\n<\/div><div class=\"eltdf-testimonial-content\" id=\"eltdf-testimonials-7955\">\n\t<div class=\"eltdf-testimonial-text-holder\">\n\t\t\t\t\t\t\t<p class=\"eltdf-testimonial-text\">&quot;Wir arbeiten seit drei Jahren mit CLY an herausragenden Projekten, um f\u00fcr unsere Kunden echte Premium-Erlebnisse zu schaffen. Bei CLY geht es um Liebe zum Detail, Kreativit\u00e4t und un\u00fcbertroffene Exzellenz.&quot;<\/p>\n\t\t\t\t\t\t\t<div class=\"eltdf-testimonials-author-holder clearfix\">\n\t\t\t\t\t\t\t\t\t<h6 class=\"eltdf-testimonial-author\">\n\t\t\t\t\t\t<span class=\"eltdf-testimonials-author-name\">Natassja dos Anjos,<\/span>\n\t\t\t\t\t\t\t\t\t\t\t\t\t<span class=\"eltdf-testimonials-author-job\">Brand Manager, The Coca-Cola Company<\/span>\n\t\t\t\t\t\t\t\t\t\t\t<\/h6>\n\t\t\t\t\t\t\t<\/div>\n\t\t\t<\/div>\n<\/div><div class=\"eltdf-testimonial-content\" id=\"eltdf-testimonials-7953\">\n\t<div class=\"eltdf-testimonial-text-holder\">\n\t\t\t\t\t\t\t<p class=\"eltdf-testimonial-text\">&quot;Raffaele von CLY verdient auf jeden Fall alle Anerkennung f\u00fcr seine Spitzenleistungen. Es sind seine Kreativit\u00e4t, seine Liebe zum Detail und seine akribische Ausf\u00fchrung, die ihn auszeichnen.&quot;<\/p>\n\t\t\t\t\t\t\t<div class=\"eltdf-testimonials-author-holder clearfix\">\n\t\t\t\t\t\t\t\t\t<h6 class=\"eltdf-testimonial-author\">\n\t\t\t\t\t\t<span class=\"eltdf-testimonials-author-name\">Tamur Goudarzi Pour,<\/span>\n\t\t\t\t\t\t\t\t\t\t\t\t\t<span class=\"eltdf-testimonials-author-job\">Chief Commercial Officer, Swiss Air<\/span>\n\t\t\t\t\t\t\t\t\t\t\t<\/h6>\n\t\t\t\t\t\t\t<\/div>\n\t\t\t<\/div>\n<\/div><div class=\"eltdf-testimonial-content\" id=\"eltdf-testimonials-7952\">\n\t<div class=\"eltdf-testimonial-text-holder\">\n\t\t\t\t\t\t\t<p class=\"eltdf-testimonial-text\">&quot;CLY organisierte einen Kundenevent im Rahmen der Americas Conference Miami. Bereits in der Konzeptionsphase war die Agentur ein sehr zuverl\u00e4ssiger Partner f\u00fcr uns. Trotz eines begrenzten Budgets haben Raffaele und sein CLY-Team unseren G\u00e4sten mit viel Kreativit\u00e4t, Spa\u00df und Liebe zum Detail einen unvergesslichen Abend beschert. Vielen Dank!&quot;<\/p>\n\t\t\t\t\t\t\t<div class=\"eltdf-testimonials-author-holder clearfix\">\n\t\t\t\t\t\t\t\t\t<h6 class=\"eltdf-testimonial-author\">\n\t\t\t\t\t\t<span class=\"eltdf-testimonials-author-name\">Susanne Kotysch,<\/span>\n\t\t\t\t\t\t\t\t\t\t\t\t\t<span class=\"eltdf-testimonials-author-job\">Director CR Communications &amp; Events, Lufthansa Group<\/span>\n\t\t\t\t\t\t\t\t\t\t\t<\/h6>\n\t\t\t\t\t\t\t<\/div>\n\t\t\t<\/div>\n<\/div><div class=\"eltdf-testimonial-content\" id=\"eltdf-testimonials-7959\">\n\t<div class=\"eltdf-testimonial-text-holder\">\n\t\t\t\t\t\t\t<p class=\"eltdf-testimonial-text\">&quot;Raffaele, CEO von CLY, strotzt nur so vor Kreativit\u00e4t, Visionen und Begeisterung. Es ist ein Vergn\u00fcgen, mit ihm zu arbeiten, er macht enormen Spa\u00df und ist f\u00fcr alles Innovative in seinem Sektor offen. Wenn ich ein Superteam der besten kreativen K\u00f6pfe Europas zusammenstellen w\u00fcrde, w\u00e4re er dabei.&quot;<\/p>\n\t\t\t\t\t\t\t<div class=\"eltdf-testimonials-author-holder clearfix\">\n\t\t\t\t\t\t\t\t\t<h6 class=\"eltdf-testimonial-author\">\n\t\t\t\t\t\t<span class=\"eltdf-testimonials-author-name\">Melissa Sterry,<\/span>\n\t\t\t\t\t\t\t\t\t\t\t\t\t<span class=\"eltdf-testimonials-author-job\">Design Scientist &amp; Systems Theorist<\/span>\n\t\t\t\t\t\t\t\t\t\t\t<\/h6>\n\t\t\t\t\t\t\t<\/div>\n\t\t\t<\/div>\n<\/div><div class=\"eltdf-testimonial-content\" id=\"eltdf-testimonials-7954\">\n\t<div class=\"eltdf-testimonial-text-holder\">\n\t\t\t\t\t\t\t<p class=\"eltdf-testimonial-text\">&quot;Jeder Job, den wir mit dem CLY-Team gemacht haben, hat nicht nur viel Spa\u00df gemacht, sondern war auch sehr erfolgreich. Ich kann mir kein anderes Team mit so viel Power, Engagement, Herz und Perfektionismus vorstellen, 24\/7.&quot; <\/p>\n\t\t\t\t\t\t\t<div class=\"eltdf-testimonials-author-holder clearfix\">\n\t\t\t\t\t\t\t\t\t<h6 class=\"eltdf-testimonial-author\">\n\t\t\t\t\t\t<span class=\"eltdf-testimonials-author-name\">Susanne Hein,<\/span>\n\t\t\t\t\t\t\t\t\t\t\t\t\t<span class=\"eltdf-testimonials-author-job\"> Head of Global Marketing, Birkenstock<\/span>\n\t\t\t\t\t\t\t\t\t\t\t<\/h6>\n\t\t\t\t\t\t\t<\/div>\n\t\t\t<\/div>\n<\/div><\/div><\/div>[\/vc_column][\/vc_row]<\/p>\n<\/div>","protected":false},"excerpt":{"rendered":"<p>[vc_row row_content_width=&#8220;grid&#8220; row_background_lines=&#8220;4&#8243;][vc_column][vc_empty_space height=&#8220;220px&#8220;][vc_empty_space height=&#8220;120px&#8220;][vc_empty_space height=&#8220;60px&#8220;][vc_empty_space height=&#8220;64px&#8220; el_class=&#8220;space120&#8243;][\/vc_column][\/vc_row][vc_row row_content_width=&#8220;grid&#8220; row_background_lines=&#8220;4&#8243; el_class=&#8220;about-blocks&#8220;][vc_column][vc_empty_space height=&#8220;60px&#8220; el_class=&#8220;space120&#8243;][\/vc_column][\/vc_row][vc_row row_background_lines=&#8220;none&#8220;][vc_column][\/vc_column][\/vc_row]<\/p>\n","protected":false},"author":2,"featured_media":0,"parent":0,"menu_order":0,"comment_status":"closed","ping_status":"closed","template":"full-width.php","meta":{"footnotes":""},"class_list":["post-7705","page","type-page","status-publish","hentry"],"_links":{"self":[{"href":"https:\/\/www.cl-y.com\/de\/wp-json\/wp\/v2\/pages\/7705","targetHints":{"allow":["GET"]}}],"collection":[{"href":"https:\/\/www.cl-y.com\/de\/wp-json\/wp\/v2\/pages"}],"about":[{"href":"https:\/\/www.cl-y.com\/de\/wp-json\/wp\/v2\/types\/page"}],"author":[{"embeddable":true,"href":"https:\/\/www.cl-y.com\/de\/wp-json\/wp\/v2\/users\/2"}],"replies":[{"embeddable":true,"href":"https:\/\/www.cl-y.com\/de\/wp-json\/wp\/v2\/comments?post=7705"}],"version-history":[{"count":9,"href":"https:\/\/www.cl-y.com\/de\/wp-json\/wp\/v2\/pages\/7705\/revisions"}],"predecessor-version":[{"id":8285,"href":"https:\/\/www.cl-y.com\/de\/wp-json\/wp\/v2\/pages\/7705\/revisions\/8285"}],"wp:attachment":[{"href":"https:\/\/www.cl-y.com\/de\/wp-json\/wp\/v2\/media?parent=7705"}],"curies":[{"name":"wp","href":"https:\/\/api.w.org\/{rel}","templated":true}]}}