{"id":7920,"date":"2021-08-11T10:04:16","date_gmt":"2021-08-11T09:04:16","guid":{"rendered":"https:\/\/www.cl-y.com\/?page_id=7920"},"modified":"2023-12-13T17:16:48","modified_gmt":"2023-12-13T16:16:48","slug":"eventagentur-in-berlin","status":"publish","type":"page","link":"https:\/\/www.cl-y.com\/de\/eventagentur-in-berlin\/","title":{"rendered":"Events"},"content":{"rendered":"<div class=\"wpb-content-wrapper\"><p>[vc_row css_animation=&#8220;fadeIn&#8220; row_background_lines=&#8220;none&#8220;][vc_column][vc_empty_space height=&#8220;220px&#8220;]<div class=\"eltdf-section-title-holder front-headline \" style=\"padding: 0px 20% 60px;overflow: visible;text-align: left\">\n\t<div class=\"eltdf-st-inner\">\n\t\t\t\t\t<h3 class=\"eltdf-st-subtitle\" >\n\t\t\t\tEvent Design und Produktion\t\t\t<\/h3>\n\t\t\t\t\t\t\t<h2 class=\"eltdf-st-title\" >\n\t\t\t\tCLY bietet einen 360-Grad-Produktionsansatz und arbeitet Hand in Hand mit seinen Kunden, um unvergessliche Eventerlebnisse von der Konzeption bis zur Ausf\u00fchrung zu schaffen. Gemeinsam entwerfen wir ein sch\u00f6nes, erlebnisorientiertes Branding, das Medien und Publikum gleicherma\u00dfen begeistert.\t\t\t<\/h2>\n\t\t\t\t\t\t\t<\/div>\n<\/div>[vc_column_text css=&#8220;.vc_custom_1702483505657{padding-right: 20% !important;padding-left: 20% !important;}&#8220;]<\/p>\n<h2>Eventagentur in Berlin \u2013 CLY<\/h2>\n<p>Suchen Sie eine Eventagentur in Berlin?<\/p>\n<p>Unser Ziel ist es, Ihre Marke zu unterst\u00fctzen, wo immer Sie es ben\u00f6tigen \u2013 von der Erstellung eines Konzepts und der Gestaltung, \u00fcber Location Scouting, G\u00e4stemanagement und Projektmanagement. CLY sorgt f\u00fcr ein unvergessliches, interaktives Eventerlebnis.<\/p>\n<p>Gut durchdachte Events, egal ob Live-, Hybrid- oder digitale Events, schaffen eine authentische Bindung zwischen einer Marke und ihren Kunden. Deshalb gehen wir \u00fcber die reine Eventplanung hinaus und setzen auf Experiential Marketing. Weil Kunden heute immer mehr nach exklusiven Eventerlebnissen suchen und Erlebnisse f\u00fcr fast jeden zug\u00e4nglich sind, bieten wir einen personalisierten Service.<\/p>\n        <div class=\"rmwr-wrapper\" \n             data-id=\"rmwr-6a059df1120fc\"\n             data-mode=\"normal\"\n             data-animation=\"fade\"\n             data-duration=\"300\"\n             data-smooth-scroll=\"true\"\n             data-scroll-offset=\"0\">\n            <button \n                type=\"button\"\n                class=\"read-link\" \n                id=\"readlinkrmwr-6a059df1120fc\"\n                data-open-text=\"+\"\n                data-close-text=\"-\"\n                aria-expanded=\"false\"\n                aria-controls=\"readrmwr-6a059df1120fc\"\n                aria-label=\"+\"\n            >\n                <span class=\"rmwr-text\">+<\/span>\n            <\/button>\n            <div \n                class=\"read_div\" \n                id=\"readrmwr-6a059df1120fc\"\n                aria-hidden=\"true\"\n                data-animation=\"fade\"\n                data-duration=\"300\"\n                style=\"display: none;\"\n            >\n                \n<h2>Vision\u00e4re und einzigartige Konzepte f\u00fcr Ihr Event<\/h2>\n<p>CLY erstellt vision\u00e4re und originelle Konzepte f\u00fcr exklusive Luxusdinner, Produkteinf\u00fchrungen, Ausstellungen, Pop-up-Stores, virtuelle Events oder Incentives. Und das vom reibungslosen G\u00e4stemanagement \u00fcber die Konzept- und Strategieentwicklung bis zum Set- und B\u00fchnendesign. Wir m\u00f6chten sicherstellen, dass Ihre Kunden die bestm\u00f6gliche Brand Experience haben. Es geht darum, ein sinnliches Erlebnis zu gestalten, welches die Kunden dauerhaft und stark an Ihre Marke bindet.<\/p>\n<p>Wir hatten bereits die Gelegenheit, live Events und globale Lifestyle Events mit zahlreichen internationalen Kunden zu gestalten und zu kuratieren. CLY hat mit dem Verlag <a href=\"https:\/\/www.cl-y.com\/de\/portfolio-item\/getaway-magazine-conde-nast-ethan-hawke\/\" target=\"_blank\" rel=\"noopener\">Cond\u00e9 Nast<\/a> f\u00fcr die GQ Men of the Year Awards zusammengearbeitet. Ebenso mit dem <a href=\"https:\/\/www.cl-y.com\/de\/portfolio-item\/lufthansa\/\" target=\"_blank\" rel=\"noopener\">Airline-Riesen Lufthansa<\/a>, der seine j\u00e4hrliche Marketing-Konferenz f\u00fcr Amerika in Miami veranstaltete. Und wir haben mit der renommierten Schweizer Luxusuhrenmarke <a href=\"https:\/\/www.cl-y.com\/de\/portfolio-item\/john-wick-3-bucherer\/\" target=\"_blank\" rel=\"noopener\">Carl F. Bucherer<\/a> bei der Weltpremiere von &#8222;John Wick: Kapitel 3 &#8211; Parabellum&#8220; in New York und Los Angeles gearbeitet. Den 50. Jahrestag der ersten Mondlandung haben wir mit <a href=\"https:\/\/www.omegawatches.com\/\" target=\"_blank\" rel=\"noopener\">OMEGA<\/a> und deren <a href=\"https:\/\/www.cl-y.com\/de\/portfolio-item\/omega-speedmaster-moonwatch\/\" target=\"_blank\" rel=\"noopener\">Speedmaster Moonwatch<\/a> gefeiert, ebenso wie die weltweite Produkteinf\u00fchrung der Luxusuhr <a href=\"https:\/\/www.cl-y.com\/de\/portfolio-item\/glashutte-original-pavonina-launch\/\" target=\"_blank\" rel=\"noopener\">Glash\u00fctte Original Pavonina<\/a>.<\/p>\n<p>Aber wir sind nicht nur eine Eventagentur, die auf Luxus-Events spezialisiert ist: Wir arbeiten auch mit urbanen Marken zusammen, um Lifestyle-Events zu erschaffen und die wichtigsten Tastemaker in ihren jeweiligen Nischen zu erreichen. Hierbei greifen wir auf unsere Erfahrungen im Bereich <a href=\"https:\/\/www.cl-y.com\/de\/influencer\/\" target=\"_blank\" rel=\"noopener\">Celebrity Relations<\/a> zur\u00fcck. Unter anderem organisierte CLY drei Events f\u00fcr die <a href=\"https:\/\/www.cl-y.com\/de\/portfolio-item\/converse-sneakerswould-marketingaktivitaet\/\" target=\"_blank\" rel=\"noopener\">CONVERSE Sneakerswould Kampagne<\/a> und\u00a0lud Influencer und F\u00fchrungskr\u00e4fte zum gemeinsamen Feiern ein.<\/p>\n<p>&nbsp;<\/p>\n<h2>Eventagentur in Berlin \u2013 thinking outside the box<\/h2>\n<p>In der Zusammenarbeit mit dem multinationalen Getr\u00e4nkekonzern <a href=\"https:\/\/www.cl-y.com\/de\/portfolio-item\/coca-cola-originals-influencer-campaign\/\" target=\"_blank\" rel=\"noopener\">Coca-Cola f\u00fcr dessen Food Festival<\/a> brachten wir Menschen in ganz Deutschland zusammen. Aber unsere Expertise h\u00f6rt hier nicht auf, wir sind auch erfahren in der Kreation von Beauty Influencer Events sowie Presse-Events.<\/p>\n<p>CLY ist Experte f\u00fcr die Schaffung von Branding Spaces &#8211; Erlebniswelten, in denen Kunden die Marke hautnah erleben k\u00f6nnen. So unterst\u00fctzte unsere Agentur die Schweizer Luxusuhrenmarke <a href=\"https:\/\/www.cl-y.com\/de\/portfolio-item\/longines-product-launch-positioning-system\/\" target=\"_blank\" rel=\"noopener\">LONGINES<\/a> bei ihrem wochenlangen Launch der Positioning System App, bei dem unter anderem gro\u00dfe Pferderennen stattfanden. Zur Deutschlandpremiere des James-Bond-Films SPECTRE er\u00f6ffneten wir die Ausstellung <a href=\"https:\/\/www.cl-y.com\/de\/portfolio-item\/omega-james-bond-spectre-exhibition\/\" target=\"_blank\" rel=\"noopener\">&#8218;OMEGA James Bond SPECTRE<\/a>&#8218;, die von der Hauptdarstellerin Naomie Harris besucht wurde. Wir bieten unseren Kunden ein umfassendes Eventkonzept, das eine Bereicherung f\u00fcr die Reputation ihres Unternehmens darstellt.<\/p>\n<p>Und schlie\u00dflich arbeiten wir eng mit Marken zusammen, um Incentive-Events zu erschaffen, die als starke Motivation dienen und die Moral Ihres Teams verbessern. CLY hat <a href=\"https:\/\/www.cl-y.com\/de\/portfolio-item\/glamour-24-hour-style-trip\/\" target=\"_blank\" rel=\"noopener\">GLAMOUR<\/a> geholfen, einen spektakul\u00e4ren 24-Stunden-Stil-Trip zu organisieren, um die Ateliers der angesagtesten Londoner Designer zu besuchen. Einen gef\u00fchrten Modespaziergang und eine riesige Party in einem der besten Clubs Londons gab es obendrauf.<\/p>\n<p>Egal, was Ihnen vorschwebt, CLY freut sich darauf, Sie bei der Umsetzung einer Kampagne, eines Events oder einer Reise f\u00fcr Ihre Marke zu unterst\u00fctzen!<\/p>\n<p>            <\/div>\n        <\/div>\n        [\/vc_column_text][vc_empty_space height=&#8220;160px&#8220;][\/vc_column][\/vc_row][vc_row full_width=&#8220;stretch_row&#8220; gap=&#8220;30&#8243; css_animation=&#8220;fadeIn&#8220; row_background_lines=&#8220;none&#8220;][vc_column][vc_basic_grid post_type=&#8220;portfolio-item&#8220; max_items=&#8220;-1&#8243; gap=&#8220;20&#8243; item=&#8220;6557&#8243; grid_id=&#8220;vc_gid:1702483420385-2f6bd569-44d9-0&#8243; taxonomies=&#8220;62&#8243; exclude=&#8220;7914, 7129, 7916, 7153, 7915, 7666, 4686, 7580, 4674&#8243;][vc_empty_space height=&#8220;20px&#8220;][\/vc_column][\/vc_row]<\/p>\n<\/div>","protected":false},"excerpt":{"rendered":"<p>[vc_row css_animation=&#8220;fadeIn&#8220; row_background_lines=&#8220;none&#8220;][vc_column][vc_empty_space height=&#8220;220px&#8220;][vc_column_text css=&#8220;.vc_custom_1702483505657{padding-right: 20% !important;padding-left: 20% !important;}&#8220;] Eventagentur in Berlin \u2013 CLY Suchen Sie eine Eventagentur in Berlin? Unser Ziel ist es, Ihre Marke zu unterst\u00fctzen, wo immer Sie es ben\u00f6tigen \u2013 von der Erstellung eines Konzepts und der Gestaltung, \u00fcber Location Scouting, G\u00e4stemanagement und [&hellip;]<\/p>\n","protected":false},"author":2,"featured_media":7928,"parent":0,"menu_order":0,"comment_status":"closed","ping_status":"closed","template":"full-width.php","meta":{"footnotes":""},"class_list":["post-7920","page","type-page","status-publish","has-post-thumbnail","hentry"],"_links":{"self":[{"href":"https:\/\/www.cl-y.com\/de\/wp-json\/wp\/v2\/pages\/7920","targetHints":{"allow":["GET"]}}],"collection":[{"href":"https:\/\/www.cl-y.com\/de\/wp-json\/wp\/v2\/pages"}],"about":[{"href":"https:\/\/www.cl-y.com\/de\/wp-json\/wp\/v2\/types\/page"}],"author":[{"embeddable":true,"href":"https:\/\/www.cl-y.com\/de\/wp-json\/wp\/v2\/users\/2"}],"replies":[{"embeddable":true,"href":"https:\/\/www.cl-y.com\/de\/wp-json\/wp\/v2\/comments?post=7920"}],"version-history":[{"count":13,"href":"https:\/\/www.cl-y.com\/de\/wp-json\/wp\/v2\/pages\/7920\/revisions"}],"predecessor-version":[{"id":8154,"href":"https:\/\/www.cl-y.com\/de\/wp-json\/wp\/v2\/pages\/7920\/revisions\/8154"}],"wp:featuredmedia":[{"embeddable":true,"href":"https:\/\/www.cl-y.com\/de\/wp-json\/wp\/v2\/media\/7928"}],"wp:attachment":[{"href":"https:\/\/www.cl-y.com\/de\/wp-json\/wp\/v2\/media?parent=7920"}],"curies":[{"name":"wp","href":"https:\/\/api.w.org\/{rel}","templated":true}]}}