{"id":7930,"date":"2021-08-11T08:46:53","date_gmt":"2021-08-11T07:46:53","guid":{"rendered":"https:\/\/www.cl-y.com\/?page_id=7930"},"modified":"2023-03-21T16:17:49","modified_gmt":"2023-03-21T15:17:49","slug":"datenschutz","status":"publish","type":"page","link":"https:\/\/www.cl-y.com\/de\/datenschutz\/","title":{"rendered":"Datenschutz"},"content":{"rendered":"<h2>Datenschutz<\/h2>\n<ol>\n<li>Datenschutz auf einen Blick<\/li>\n<\/ol>\n<p><strong>Allgemeine Hinweise<\/strong><\/p>\n<p>Die folgenden Datenschutz-Bestimmungen geben einen einfachen \u00dcberblick dar\u00fcber, was mit Ihren personenbezogenen Daten passiert, wenn Sie unsere Website cl-y.com besuchen. Personenbezogene Daten sind alle Daten, mit denen Sie pers\u00f6nlich identifiziert werden k\u00f6nnen.<\/p>\n<p>Datenverarbeitung auf dieser Website<\/p>\n<p><strong>Wer ist verantwortlich f\u00fcr die Datenverarbeitung auf dieser Website?<\/strong><\/p>\n<p>Die Datenverarbeitung auf dieser Website erfolgt durch den Websitebetreiber, CLY Communication GmbH. Dessen Kontaktdaten k\u00f6nnen Sie dem Bereich 3 \u201eAllgemeine Hinweise und Pflichtinformationen\u201c unten einsehen.<\/p>\n<p>Zur Verwaltung der eingesetzten Cookies und \u00e4hnlichen Technologien (Tracking-Pixel, Web-Beacons etc.) und diesbez\u00fcglicher Einwilligungen setzen wir das Consent Tool &#8222;Real Cookie Banner&#8220; ein. Details zur Funktionsweise von &#8222;Real Cookie Banner&#8220; findest du unter &lt;a href=&#8220;https:\/\/devowl.io\/de\/rcb\/datenverarbeitung\/&#8220; rel=&#8220;noreferrer&#8220; target=&#8220;_blank&#8220;&gt;https:\/\/devowl.io\/de\/rcb\/datenverarbeitung\/&lt;\/a&gt;.<\/p>\n<p>Rechtsgrundlagen f\u00fcr die Verarbeitung von personenbezogenen Daten in diesem Zusammenhang sind Art. 6 Abs. 1 lit. c DS-GVO und Art. 6 Abs. 1 lit. f DS-GVO. Unser berechtigtes Interesse ist die Verwaltung der eingesetzten Cookies und \u00e4hnlichen Technologien und der diesbez\u00fcglichen Einwilligungen.<\/p>\n<p>Die Bereitstellung der personenbezogenen Daten ist weder vertraglich vorgeschrieben noch f\u00fcr den Abschluss eines Vertrages notwendig. Du bist nicht verpflichtet die personenbezogenen Daten bereitzustellen. Wenn du die personenbezogenen Daten nicht bereitstellst, k\u00f6nnen wir deine Einwilligungen nicht verwalten.<\/p>\n<p><strong>Wie verarbeiten wir Ihre Daten?<\/strong><\/p>\n<p>Ihre Daten werden zum einen dadurch erhoben, dass Sie uns diese mitteilen. Hierbei kann es sich z. B. um Daten handeln, die Sie in ein Kontaktformular eingeben oder durch das Abonnieren des Newsletters.<\/p>\n<p>Andere Daten werden automatisch oder nach Ihrer Einwilligung beim Besuch der Website durch unsere IT-Systeme erfasst. Das sind vor allem technische Daten (z. B. Internetbrowser, Betriebssystem oder Uhrzeit des Seitenaufrufs). Die Erfassung dieser Daten erfolgt automatisch, sobald Sie diese Website betreten.<\/p>\n<p><strong>Wof\u00fcr nutzen wir Ihre Daten?<\/strong><\/p>\n<p>Ein Teil der Daten wird erhoben, um eine fehlerfreie Bereitstellung der Website zu gew\u00e4hrleisten.\u00a0Andere Daten werden verwendet, damit Sie und wir kommunizieren, Informationen austauschen, Support leisten, technische Mitteilungen oder Verwaltungsnachrichten senden k\u00f6nnen.<\/p>\n<p>Andere Daten k\u00f6nnen zur Analyse Ihres Nutzerverhaltens verwendet werden.<\/p>\n<p><strong>Welche Rechte haben Sie bez\u00fcglich Ihrer Daten?<\/strong><\/p>\n<p>Sie haben jederzeit das Recht, unentgeltlich Auskunft \u00fcber Herkunft, Empf\u00e4nger und Zweck Ihrer gespeicherten personenbezogenen Daten zu erhalten. Sie haben au\u00dferdem ein Recht, die Berichtigung oder L\u00f6schung dieser Daten zu verlangen. Wenn Sie eine Einwilligung zur Datenverarbeitung erteilt haben, k\u00f6nnen Sie diese Einwilligung jederzeit f\u00fcr die Zukunft widerrufen. Au\u00dferdem haben Sie das Recht, unter bestimmten Umst\u00e4nden die Einschr\u00e4nkung der Verarbeitung Ihrer personenbezogenen Daten zu verlangen. Des Weiteren steht Ihnen ein Beschwerderecht bei der zust\u00e4ndigen Aufsichtsbeh\u00f6rde zu.<\/p>\n<p>Insbesondere k\u00f6nnen Sie jederzeit Ihre Rechte aus\u00fcben:<\/p>\n<ul>\n<li>Um eine Best\u00e4tigung der vom Datenverantwortlichen durchgef\u00fchrten Datenverarbeitung zu erhalten,<\/li>\n<li>Um auf personenbezogene Daten zuzugreifen,<\/li>\n<li>Um eine Korrektur oder L\u00f6schung der Daten oder eine Einschr\u00e4nkung der Verarbeitung zu erhalten, die gleich sind,<\/li>\n<li>Der Verarbeitung zu widersprechen (es sei denn, es gibt einen legitimen Grund im Vergleich zu dem, der zu seiner Anfrage gef\u00fchrt hat);<\/li>\n<li>Um die Sie betreffenden personenbezogenen Daten zu erhalten (Daten\u00fcbertragbarkeit)<\/li>\n<\/ul>\n<p>Bitte z\u00f6gern Sie nicht, uns jederzeit unter der in Abschnitt 3 \u201eAllgemeine Hinweise und Pflichtinformationen\u201c angegebenen Adresse zu kontaktieren, wenn Sie Fragen zu diesem oder anderen datenschutzbezogenen Themen haben.<\/p>\n<p>Analyse-Tools und Tools von Dritt\u00adanbietern<\/p>\n<p>Beim Besuch dieser Website kann Ihr Surf-Verhalten statistisch ausgewertet werden. Das geschieht vor allem mit sogenannten Analyseprogrammen.<\/p>\n<ol start=\"2\">\n<li><strong>Hosting und Content Delivery Networks (CDN)<\/strong><\/li>\n<\/ol>\n<p>Externes Hosting<\/p>\n<p>Diese Website wird bei einem externen Dienstleister gehostet (Hoster). Die personenbezogenen Daten, die auf dieser Website erfasst werden, werden auf den Servern des Hosters gespeichert. Hierbei kann es sich v. a. um IP-Adressen, Kontaktanfragen, Meta- und Kommunikationsdaten, Kontaktdaten, Namen, Websitezugriffe und sonstige Daten, die \u00fcber eine Website generiert werden, handeln.<\/p>\n<p>Insbesondere wird unsere Website auf WordPress.com gehostet. Der Dienstleister ist Aut O\u2019Mattic A8C Ireland Ltd, ein in Irland ans\u00e4ssiges Unternehmen, das als Datenverarbeiter fungiert. Da die Dienste von Aut O&#8217;Mattic weltweit angeboten werden, k\u00f6nnen die Informationen, die der Host zur Bereitstellung der Dienste in der EU verarbeitet, von Personen au\u00dferhalb des Europ\u00e4ischen Wirtschaftsraums (EWR), die f\u00fcr den Host arbeiten, andere Mitglieder unserer Unternehmensgruppe oder Datenverarbeiter von Drittanbietern sind, verwendet, gespeichert und \/ oder abgerufen werden. Bei der Bereitstellung von Informationen f\u00fcr Unternehmen au\u00dferhalb des EWR ergreift der Gastgeber geeignete Ma\u00dfnahmen, um sicherzustellen, dass der Empf\u00e4nger alle pers\u00f6nlichen Informationen gem\u00e4\u00df dieser Datenschutzrichtlinie gem\u00e4\u00df den geltenden Gesetzen angemessen sch\u00fctzt.<br \/>\nUnter diesem Link finden Sie die Datenschutzbestimmungen des Hosts:\u00a0<a href=\"https:\/\/automattic.com\/privacy\" target=\"_blank\" rel=\"noopener\">https:\/\/automattic.com\/privacy<\/a><br \/>\nUm die Verarbeitung in \u00dcbereinstimmung mit den Datenschutzbestimmungen zu gew\u00e4hrleisten, haben wir mit unserem Gastgeber eine Datenverarbeitungsvereinbarung geschlossen. Unter Link Link finden Sie das Addendum zur Datenvereinbarung:\u00a0<a href=\"https:\/\/privacydotblog.files.wordpress.com\/2018\/05\/dpa.pdf\" target=\"_blank\" rel=\"noopener\">https:\/\/privacydotblog.files.wordpress.com\/2018\/05\/dpa.pdf<\/a><\/p>\n<ol start=\"3\">\n<li><strong>Allgemeine Hinweise und Pflicht\u00adinformationen<\/strong><\/li>\n<\/ol>\n<p>Datenschutz<\/p>\n<p>Die Betreiber dieser Seiten nehmen den Schutz Ihrer pers\u00f6nlichen Daten sehr ernst. Wir behandeln Ihre personenbezogenen Daten vertraulich und entsprechend der gesetzlichen Datenschutzvorschriften, insbesondere der Allgemeine Datenschutzverordnung (DSGVO) \u2013 Verordnung (EU) 2016\/679 und dieser Datenschutzerkl\u00e4rung.<\/p>\n<p>Wenn Sie diese Website benutzen, werden verschiedene personenbezogene Daten erhoben. Personenbezogene Daten sind Daten, mit denen Sie pers\u00f6nlich identifiziert werden k\u00f6nnen. Die vorliegende Datenschutzerkl\u00e4rung erl\u00e4utert, welche Daten wir erheben und wof\u00fcr wir sie nutzen. Sie erl\u00e4utert auch, wie und zu welchem Zweck das geschieht.<\/p>\n<p>Wir weisen darauf hin, dass die Daten\u00fcbertragung im Internet (z. B. bei der Kommunikation per E-Mail) Sicherheitsl\u00fccken aufweisen kann. Ein l\u00fcckenloser Schutz der Daten vor dem Zugriff durch Dritte ist nicht m\u00f6glich.<\/p>\n<p><strong>Hinweis zur verantwortlichen Stelle<\/strong><\/p>\n<p>Die verantwortliche Stelle f\u00fcr die Datenverarbeitung auf dieser Website ist:<\/p>\n<p>CLY Communication GmbH<br \/>\nBrunnenstr. 166<br \/>\n10119 Berlin<br \/>\nDeutschland<\/p>\n<p>Telefon: +49 (30) 1208-44040<br \/>\nE-Mail: office(at)cl-y.com<\/p>\n<p><strong>Widerruf Ihrer Zustimmung zur Datenverarbeitung<\/strong><\/p>\n<p>Eine Vielzahl von Datenverarbeitungstransaktionen ist nur mit Ihrer ausdr\u00fccklichen Zustimmung m\u00f6glich. Sie k\u00f6nnen auch jederzeit Ihre bereits erteilte Einwilligung widerrufen. Dazu m\u00fcssen Sie uns lediglich eine informelle Benachrichtigung per E-Mail senden. Dies gilt unbeschadet der Rechtm\u00e4\u00dfigkeit jeglicher Datenerfassung, die vor Ihrem Widerruf erfolgt ist.<\/p>\n<p>Widerspruchsrecht gegen die Erhebung von Daten in besonderen F\u00e4llen; Widerspruchsrecht gegen Direktwerbung (Art. 21 DSGVO)<\/p>\n<p>F\u00fcr den Fall, dass Daten auf der Grundlage von Artikel 6 Absatz 1 Buchstabe E oder F DSGVO verarbeitet werden, haben Sie das Recht, der Verarbeitung Ihrer personenbezogenen Daten aus Gr\u00fcnden, die sich aus Ihrer besonderen Situation ergeben, jederzeit zu widersprechen. Dies gilt auch f\u00fcr Profile, die auf diesen Bestimmungen basieren. Um die Rechtsgrundlage zu bestimmen, auf der eine Datenverarbeitung basiert, konsultieren Sie bitte diese Datenschutzerkl\u00e4rung. Wenn Sie einen Einspruch erheben, werden wir Ihre betroffenen personenbezogenen Daten nicht mehr verarbeiten, es sei denn, wir sind in der Lage, zwingende schutzw\u00fcrdige Gr\u00fcnde f\u00fcr die Verarbeitung Ihrer Daten vorzulegen, die Ihre Interessen, Rechte und Freiheiten \u00fcberwiegen oder deren Zweck der Verarbeitung ist die Inanspruchnahme, Aus\u00fcbung oder Verteidigung von Rechtsanspr\u00fcchen (Einspruch nach Art. 21 Abs. 1 DSGVO). Wenn Ihre personenbezogenen Daten verarbeitet werden, um Direktwerbung zu betreiben, haben Sie das Recht, der Verarbeitung Ihrer betroffenen personenbezogenen Daten f\u00fcr die Zwecke dieser Werbung jederzeit zu widersprechen. Dies gilt auch f\u00fcr die Profilerstellung, sofern diese mit einer solchen Direktwerbung verbunden ist. Wenn Sie widersprechen, werden Ihre personenbezogenen Daten sp\u00e4ter nicht mehr f\u00fcr direkte Werbezwecke verwendet (Widerspruch gem\u00e4\u00df Art. 21 Abs. 2 DSGVO).<\/p>\n<p>Recht, eine Beschwerde bei der zust\u00e4ndigen Aufsichtsbeh\u00f6rde einzureichen<\/p>\n<p>Bei Verst\u00f6\u00dfen gegen die DSGVO sind betroffene Personen berechtigt, eine Beschwerde bei einer Aufsichtsbeh\u00f6rde einzureichen, insbesondere in dem Mitgliedstaat, in dem sie normalerweise ihren Wohnsitz, ihren Arbeitsplatz oder den Ort haben, an dem der mutma\u00dfliche Versto\u00df aufgetreten ist. Das Recht, eine Beschwerde zu protokollieren, gilt unabh\u00e4ngig von anderen Verwaltungs- oder Gerichtsverfahren, die als Rechtsmittel zur Verf\u00fcgung stehen.<\/p>\n<p><strong>Recht auf Daten\u00fcbertragbarkeit<\/strong><\/p>\n<p>Sie haben das Recht zu verlangen, dass wir alle Daten, die wir automatisch verarbeiten, auf der Grundlage Ihrer Zustimmung weitergeben oder zur Erf\u00fcllung eines Vertrags in einem allgemein verwendeten, maschinenlesbaren Format an Sie oder einen Dritten \u00fcbergeben werden.\u00a0Wenn Sie die direkte \u00dcbertragung der Daten an einen anderen Controller verlangen sollten, erfolgt dies nur, wenn dies technisch machbar ist.<\/p>\n<p><strong>Informationen, Berichtigung und L\u00f6schung von Daten<\/strong><\/p>\n<p>Im Rahmen der geltenden gesetzlichen Bestimmungen haben Sie das Recht, jederzeit Informationen \u00fcber Ihre archivierten personenbezogenen Daten, deren Quelle und Empf\u00e4nger sowie den Zweck der Verarbeitung Ihrer Daten anzufordern.\u00a0M\u00f6glicherweise haben Sie auch ein Recht darauf, dass Ihre Daten korrigiert oder gel\u00f6scht werden.\u00a0Wenn Sie Fragen zu diesem Thema oder andere Fragen zu personenbezogenen Daten haben, z\u00f6gern Sie bitte nicht, uns jederzeit unter der oben angegebenen Adresse zu kontaktieren.<\/p>\n<p><strong>Recht, Verarbeitungsbeschr\u00e4nkungen zu verlangen<\/strong><\/p>\n<p>Sie haben das Recht, die Auferlegung von Beschr\u00e4nkungen f\u00fcr die Verarbeitung Ihrer personenbezogenen Daten zu verlangen. Zu diesem Zweck k\u00f6nnen Sie uns jederzeit unter der oben angegebenen Adresse kontaktieren. Das Recht, eine Einschr\u00e4nkung der Verarbeitung zu verlangen, gilt in folgenden F\u00e4llen:<\/p>\n<ul>\n<li>Falls Sie die Richtigkeit Ihrer von uns archivierten Daten bestreiten sollten, ben\u00f6tigen wir normalerweise einige Zeit, um diese Behauptung zu \u00fcberpr\u00fcfen. W\u00e4hrend der laufenden Untersuchung haben Sie das Recht zu verlangen, dass wir die Verarbeitung Ihrer personenbezogenen Daten einschr\u00e4nken.<\/li>\n<li>Wenn die Verarbeitung Ihrer personenbezogenen Daten rechtswidrig war \/ ist, haben Sie die M\u00f6glichkeit, die Einschr\u00e4nkung der Verarbeitung Ihrer Daten zu verlangen, anstatt die L\u00f6schung dieser Daten zu fordern.<\/li>\n<li>Wenn wir Ihre personenbezogenen Daten nicht mehr ben\u00f6tigen und Sie sie zur Aus\u00fcbung, Verteidigung oder Geltendmachung von Rechtsanspr\u00fcchen ben\u00f6tigen, haben Sie das Recht, die Einschr\u00e4nkung der Verarbeitung Ihrer personenbezogenen Daten anstelle ihrer L\u00f6schung zu verlangen.<\/li>\n<li>Wenn Sie einen Einspruch gem\u00e4\u00df Art. 21 Abschn. 1 DSGVO erhaben, m\u00fcssen Ihre Rechte und unsere Rechte gegeneinander abgewogen werden. Solange nicht festgestellt wurde, wessen Interessen vorherrschen, haben Sie das Recht, eine Einschr\u00e4nkung der Verarbeitung Ihrer personenbezogenen Daten zu verlangen.<\/li>\n<\/ul>\n<p>Wenn Sie die Verarbeitung Ihrer personenbezogenen Daten eingeschr\u00e4nkt haben, d\u00fcrfen diese Daten \u2013 mit Ausnahme ihrer Archivierung \u2013 nur mit Ihrer Zustimmung verarbeitet werden, um gesetzliche Anspr\u00fcche geltend zu machen, auszu\u00fcben oder zu verteidigen oder die Rechte anderer nat\u00fcrlicher Personen oder juristischer Personen zu sch\u00fctzen oder aus wichtigen Gr\u00fcnden des \u00f6ffentlichen Interesses, die von der Europ\u00e4ischen Union oder einem Mitgliedstaat der EU angef\u00fchrt werden.<\/p>\n<ol start=\"4\">\n<li><strong>Aufzeichnung von Daten auf dieser Website<\/strong><\/li>\n<\/ol>\n<p><strong>Cookies<\/strong><\/p>\n<p>In einigen F\u00e4llen verwendet unsere Website und ihre Unterseiten sogenannte Cookies. Cookies verursachen keine Sch\u00e4den an Ihrem Computer und enthalten keine Viren. Der Zweck von Cookies ist es, unsere Website benutzerfreundlicher, effektiver und sicherer zu machen. Cookies sind kleine Textdateien, die auf Ihrem Computer abgelegt und von Ihrem Browser gespeichert werden.<br \/>\nDie meisten von uns verwendeten Cookies sind sogenannte \u201eSitzungscookies\u201c. Sie werden automatisch gel\u00f6scht, nachdem Sie unsere Website verlassen haben. Andere Cookies bleiben auf Ihrem Ger\u00e4t archiviert, bis Sie sie l\u00f6schen. Diese Cookies erm\u00f6glichen es uns, Ihren Browser beim n\u00e4chsten Besuch unserer Website zu erkennen.<br \/>\nSie k\u00f6nnen die Einstellungen Ihres Browsers anpassen, um sicherzustellen, dass Sie bei jedem Setzen von Cookies benachrichtigt werden, und um Cookies nur in bestimmten F\u00e4llen zu akzeptieren oder die Annahme von Cookies f\u00fcr bestimmte Situationen oder allgemein auszuschlie\u00dfen und das automatische L\u00f6schen zu aktivieren von Cookies, wenn Sie Ihren Browser schlie\u00dfen. Wenn Sie Cookies deaktivieren, sind die Funktionen dieser Website m\u00f6glicherweise eingeschr\u00e4nkt.<\/p>\n<p>Cookies, die f\u00fcr die Durchf\u00fchrung der elektronischen Kommunikationstransaktion oder zur Bereitstellung bestimmter Funktionen, die Sie verwenden m\u00f6chten, erforderlich sind, werden auf der Grundlage von Art. 6 Abschnitt 1 Buchstabe. f DSGVO, gespeichert. Der Website-Betreiber hat ein berechtigtes Interesse daran, Cookies zu speichern, um die technisch fehlerfreie und optimierte Bereitstellung der Dienste des Betreibers sicherzustellen. Wenn eine entsprechende Vereinbarung angefordert wurde (z. B. eine Vereinbarung zur Speicherung von Cookies), erfolgt die Verarbeitung ausschlie\u00dflich auf der Grundlage von Art. 6 Abs. 1 Buchstabe a DSGVO; Die Vereinbarung kann jederzeit widerrufen werden.<br \/>\nWenn andere Cookies (z. B. Cookies zur Analyse Ihrer Browsing-Muster) gespeichert werden sollen, werden diese in dieser Datenschutzerkl\u00e4rung separat behandelt.<\/p>\n<p><strong>Server-Protokolldateien<\/strong><\/p>\n<p>Der Anbieter dieser Website und ihrer Unterseiten sammelt und speichert automatisch Informationen in sogenannten Server-Protokolldateien, die Ihr Browser uns automatisch mitteilt. Die Informationen umfassen:<\/p>\n<ul>\n<li>Typ und Version des verwendeten Browsers<\/li>\n<li>Das verwendete Betriebssystem<\/li>\n<li>Referrer-URL<\/li>\n<li>Der Hostname des zugreifenden Computers<\/li>\n<li>Der Zeitpunkt der Serverabfrage<\/li>\n<li>Die IP-Adresse<\/li>\n<\/ul>\n<p>Diese Daten werden nicht mit anderen Datenquellen zusammengef\u00fchrt.<br \/>\nDiese Daten werden auf der Grundlage von Art. 6 Abschn. 1 Buchstabe f DSGVO, aufgezeichnet. Der Betreiber der Website hat ein berechtigtes Interesse an der technisch fehlerfreien Darstellung und der Optimierung der Website des Betreibers. Um dies zu erreichen, m\u00fcssen Server-Protokolldateien aufgezeichnet werden.<\/p>\n<p><strong>Kontakt Formular<\/strong><\/p>\n<p>Wenn Sie Anfragen \u00fcber unser Kontaktformular an uns senden, werden die im Kontaktformular angegebenen pers\u00f6nlichen Daten (d.h. Name, Nachname und E-Mail-Adresse) sowie die darin angegebenen Kontaktinformationen von uns gespeichert, um Ihre Anfrage zu bearbeiten, falls wir weitere Fragen haben. Wir werden diese Informationen nicht ohne Ihre Zustimmung weitergeben.<br \/>\nDie Verarbeitung dieser Daten basiert auf Art. 6 Abs. 1 Buchstabe b DSGVO, wenn Ihre Anfrage mit der Ausf\u00fchrung eines Vertrags zusammenh\u00e4ngt oder wenn vorvertragliche Ma\u00dfnahmen erforderlich sind. In allen anderen F\u00e4llen beruht die Bearbeitung auf unserem berechtigten Interesse an der effektiven Bearbeitung der an uns gerichteten Anfragen (Art. 6 Abs. 1 Buchstabe f DSGVO) oder auf Ihrer Zustimmung (Art. 6 Abs. 1 Buchstabe a DSGVO), wenn diese angefordert wurde.<br \/>\nDie Informationen, die Sie in das Kontaktformular eingegeben haben, bleiben bei uns, bis Sie uns auffordern, die Daten zu l\u00f6schen, Ihre Zustimmung zur Archivierung von Daten zu widerrufen oder wenn der Zweck, f\u00fcr den die Informationen archiviert werden, nicht mehr besteht (z. B. nach Abschluss unserer Antwort auf Ihre Anfrage). Dies gilt unbeschadet etwaiger zwingender gesetzlicher Bestimmungen \u2013 insbesondere der Aufbewahrungsfristen.<\/p>\n<p><strong>E-Mail-Newsletter<\/strong><\/p>\n<p>Wenn Sie unsere Newsletter abonnieren, verwenden wir die erforderlichen Daten (d.h. E-Mail-Adresse), um Ihnen den Newsletter regelm\u00e4\u00dfig zu senden. Der Versand von E-Mail-Newslettern erfolgt auf der Grundlage Ihrer ausdr\u00fccklichen Zustimmung gem\u00e4\u00df Art. 6, Abs. 1, Buchstabe A, DSGVO.<\/p>\n<p>Wir verwenden Mailchimp zum Versenden von Newslettern und zu diesem Zweck fungiert der Dienstanbieter als Datenverarbeiter. Dieser Dienstleister hat seinen Sitz in den USA. Unter diesem Link finden Sie die Datenschutzbestimmungen des Dienstanbieters f\u00fcr unsere Newsletter-Abonnenten sowie die Kontaktdaten f\u00fcr Einwohner des EWR, der Schweiz und des Vereinigten K\u00f6nigreichs sowie f\u00fcr alle anderen Einwohner:\u00a0<a href=\"https:\/\/mailchimp.com\/legal\/privacy\" rel=\"noopener\">https:\/\/mailchimp.com\/legal\/privacy<\/a><br \/>\nSie k\u00f6nnen dieser Verwendung Ihrer E-Mail-Adresse jederzeit widersprechen, indem Sie eine Nachricht an die oben beschriebene Kontaktoption oder \u00fcber den im Newsletter zu diesem Zweck angegebenen Link senden, ohne dass andere Kosten als die \u00dcbertragungskosten gem\u00e4\u00df den Grundtarifen anfallen.<br \/>\nSie k\u00f6nnen die Einwilligung zur Archivierung von Daten, zur E-Mail-Adresse und zur Verwendung dieser Informationen f\u00fcr den Versand des Newsletters jederzeit widerrufen, indem Sie beispielsweise im Newsletter auf den Link \u201eAbbestellen\u201c klicken. Dies gilt unbeschadet der Rechtm\u00e4\u00dfigkeit bisheriger Datenverarbeitungsvorg\u00e4nge.<br \/>\nDie zum Abonnieren, Senden und Empfangen des Newsletters bei uns hinterlegten Daten werden von uns gespeichert, bis Sie den Newsletter oder den Newsletter-Dienstleister abbestellen, und nach dem Abmelden vom Newsletter aus der Newsletter-Verteilerliste gel\u00f6scht. Daten, die f\u00fcr andere Zwecke bei uns gespeichert werden, bleiben unber\u00fchrt.<\/p>\n<p><strong>Soziale Netzwerke<\/strong><\/p>\n<p>CLY Communication ist in den sozialen Netzwerken Facebook, Instagram und LinkedIn aktiv. Die CLY-Website enth\u00e4lt nur Links zu unserer Pr\u00e4senz auf den jeweiligen Plattformen. CLY Communication speichert zu diesem Zweck keine datenschutzrelevanten Daten.<\/p>\n<ol start=\"5\">\n<li><strong>\u00c4nderungen der Datenschutzrichtlinie<\/strong><\/li>\n<\/ol>\n<p>CLY Communication beh\u00e4lt sich das Recht vor, diese Datenschutzrichtlinie so zu \u00e4ndern, dass sie immer den aktuellen gesetzlichen Anforderungen entspricht. Wir empfehlen Ihnen, unseren Datenschutzhinweis regelm\u00e4\u00dfig zu lesen, um \u00fcber den Schutz der von uns erhobenen personenbezogenen Daten auf dem Laufenden zu bleiben.<\/p>\n","protected":false},"excerpt":{"rendered":"<p>Datenschutz Datenschutz auf einen Blick Allgemeine Hinweise Die folgenden Datenschutz-Bestimmungen geben einen einfachen \u00dcberblick dar\u00fcber, was mit Ihren personenbezogenen Daten passiert, wenn Sie unsere Website cl-y.com besuchen. Personenbezogene Daten sind alle Daten, mit denen Sie pers\u00f6nlich identifiziert werden k\u00f6nnen. Datenverarbeitung auf dieser Website Wer ist verantwortlich f\u00fcr [&hellip;]<\/p>\n","protected":false},"author":2,"featured_media":0,"parent":0,"menu_order":0,"comment_status":"closed","ping_status":"closed","template":"","meta":{"footnotes":""},"class_list":["post-7930","page","type-page","status-publish","hentry"],"_links":{"self":[{"href":"https:\/\/www.cl-y.com\/de\/wp-json\/wp\/v2\/pages\/7930","targetHints":{"allow":["GET"]}}],"collection":[{"href":"https:\/\/www.cl-y.com\/de\/wp-json\/wp\/v2\/pages"}],"about":[{"href":"https:\/\/www.cl-y.com\/de\/wp-json\/wp\/v2\/types\/page"}],"author":[{"embeddable":true,"href":"https:\/\/www.cl-y.com\/de\/wp-json\/wp\/v2\/users\/2"}],"replies":[{"embeddable":true,"href":"https:\/\/www.cl-y.com\/de\/wp-json\/wp\/v2\/comments?post=7930"}],"version-history":[{"count":7,"href":"https:\/\/www.cl-y.com\/de\/wp-json\/wp\/v2\/pages\/7930\/revisions"}],"predecessor-version":[{"id":8225,"href":"https:\/\/www.cl-y.com\/de\/wp-json\/wp\/v2\/pages\/7930\/revisions\/8225"}],"wp:attachment":[{"href":"https:\/\/www.cl-y.com\/de\/wp-json\/wp\/v2\/media?parent=7930"}],"curies":[{"name":"wp","href":"https:\/\/api.w.org\/{rel}","templated":true}]}}