{"id":7941,"date":"2021-08-11T08:56:07","date_gmt":"2021-08-11T07:56:07","guid":{"rendered":"https:\/\/www.cl-y.com\/?page_id=7941"},"modified":"2024-05-13T20:37:33","modified_gmt":"2024-05-13T19:37:33","slug":"prominente-stars-buchen","status":"publish","type":"page","link":"https:\/\/www.cl-y.com\/de\/prominente-stars-buchen\/","title":{"rendered":"Celebrities"},"content":{"rendered":"<div class=\"wpb-content-wrapper\"><p>[vc_row css_animation=&#8220;fadeIn&#8220; row_background_lines=&#8220;none&#8220;][vc_column][vc_empty_space height=&#8220;220px&#8220;]<div class=\"eltdf-section-title-holder front-headline \" style=\"padding: 0px 20% 60px;overflow: visible;text-align: left\">\n\t<div class=\"eltdf-st-inner\">\n\t\t\t\t\t<h3 class=\"eltdf-st-subtitle\" >\n\t\t\t\tCelebrities &amp; Prominente\t\t\t<\/h3>\n\t\t\t\t\t\t\t<h2 class=\"eltdf-st-title\" >\n\t\t\t\tCLY verf\u00fcgt \u00fcber ein starkes Netzwerk von Prominenten Stars sowie jahrelange Erfahrung im Medien- und Showbiz. Damit erm\u00f6glicht unser Kommunikationsteam Celebrity Relations und Kampagnen, die individuell auf Ihre W\u00fcnsche zugeschnitten sind.\t\t\t<\/h2>\n\t\t\t\t\t\t\t<\/div>\n<\/div>[vc_column_text css=&#8220;.vc_custom_1715629042773{padding-right: 20% !important;padding-left: 20% !important;}&#8220;]<\/p>\n<h2>Prominente Stars buchen<\/h2>\n<p class=\"p1\">Unser Team erfahrener Buchungsagenten verf\u00fcgt \u00fcber ein starkes <a href=\"https:\/\/www.cl-y.com\/\">Netzwerk an Prominenten<\/a> und Stars und begleitet Sie von Anfang an bei der Akquise und Organisation von Prominenten. Von der Kontaktaufnahme mit einem Prominenten bis hin zur Buchung, wir f\u00fchren Sie durch den gesamten Prozess. Wir sind Experten in der Arbeit mit A-List-Prominenten und wir wissen, dass diese einen sehr engen Zeitplan haben. Deshalb stellen wir sicher, dass alle Aktivit\u00e4ten entsprechend geplant sind, und managen Interviews und andere \u00f6ffentliche Auftritte. Wir buchen Privatjets, stellen sicher, dass es auf der Reise an nichts fehlt, und bieten einen Begr\u00fc\u00dfungsservice am Flughafen an. Au\u00dferdem halten wir Limousinen und einen Sicherheitsdienst f\u00fcr die VIPs bereit. Mit unserer Liebe zum Detail und unseren Erfahrungen aus der Vergangenheit k\u00f6nnen wir sicherstellen, dass alle Prozesse reibungslos ablaufen und alle Seiten zufrieden sind \u2013 die Kunden Ihrer Marke und die Prominenten, mit denen Sie arbeiten m\u00f6chten.<\/p>\n<p>&nbsp;<\/p>\n<h2 class=\"p1\">Willkommen bei CLY &#8211; Ihre Agentur f\u00fcr Prominente, Stars und K\u00fcnstlervermittlung<\/h2>\n<p class=\"p1\"><b>Suchen Sie den perfekten Prominenten, um Ihr <a href=\"https:\/\/www.cl-y.com\/de\/eventagentur-in-berlin\/\">Event zum Strahlen<\/a> zu bringen?<\/b> Suchen Sie nicht weiter als <a href=\"https:\/\/www.cl-y.com\/de\">CLY,<\/a> die ultimative Destination f\u00fcr K\u00fcnstler- und Starbuchungen. Mit unserem umfangreichen Netzwerk und un\u00fcbertroffener Expertise bringen wir die Stars zu Ihnen und sorgen f\u00fcr ein unvergessliches Erlebnis f\u00fcr Ihr Publikum.<\/p>\n<p class=\"p1\"><b>Unsere Angebote:<\/b><\/p>\n<p><b>Promi Buchungsservice:<\/b> Bei CLY sind wir darauf spezialisiert, Sie mit den gr\u00f6\u00dften Namen der Unterhaltungsbranche zu verbinden. Ob Sie eine <a href=\"https:\/\/www.cl-y.com\/de\/portfolio-item\/gq-maenner-des-jahres-auszeichnungen\/\">Firmenveranstaltung<\/a>, Produkteinf\u00fchrung, Wohlt\u00e4tigkeitsgala oder private Party planen, wir haben Zugriff auf ein vielf\u00e4ltiges Angebot an Prominenten, das Ihren Bed\u00fcrfnissen entspricht.<\/p>\n<p><b>Prominente Stars buchen:<\/b> <a href=\"https:\/\/www.cl-y.com\/de\/kontakt\/\">Unser Team<\/a> erfahrener Promi-Agenten steht Ihnen bei jedem Schritt zur Seite. Von den ersten Schritten wie der Kontaktaufnahme mit Prominenten bis zur Durchf\u00fchrung des Events bieten wir fachkundige Anleitung und Unterst\u00fctzung, um ein reibungsloses und stressfreies Erlebnis zu gew\u00e4hrleisten.<\/p>\n<p><b>Ma\u00dfgeschneiderte L\u00f6sungen:<\/b> Wir verstehen, dass jedes Event einzigartig ist. Deshalb bieten wir ma\u00dfgeschneiderte L\u00f6sungen, die auf Ihre Anforderungen und die Kosten f\u00fcr die K\u00fcnstlervermittlung abgestimmt sind. Egal, ob Sie einen Hauptdarsteller, <a href=\"https:\/\/www.cl-y.com\/de\/portfolio-item\/omega-co-axial-michael-phelps\/\">prominenten Gastgeber<\/a> oder einen speziellen Gastauftritt suchen, wir arbeiten eng mit Ihnen zusammen, um Ihre Vision zu verwirklichen.<\/p>\n<h3>Warum CLY w\u00e4hlen<\/h3>\n<p><b>Umfassendes Netzwerk:<\/b> Mit jahrelanger Erfahrung in der Branche haben wir starke Beziehungen zu f\u00fchrenden Talentagenturen, Managern und Publicists weltweit aufgebaut. Unser umfassendes Netzwerk bietet Zugang zu den gefragtesten Prominenten in Hollywood und dar\u00fcber hinaus, sodass wir den perfekten Match f\u00fcr Ihr Event sichern k\u00f6nnen.<\/p>\n<p><b>Transparente Preisgestaltung:<\/b> Wir legen Wert auf Transparenz bei der Preisgestaltung. Unsere umfassende Geb\u00fchrenliste enth\u00e4lt Promi-Buchungsgeb\u00fchren, Agenturprovisionen und alle zus\u00e4tzlichen Kosten im Zusammenhang mit der Talentakquise. Mit CLY k\u00f6nnen Sie Ihr Budget sicher planen und genau wissen, was Sie erwartet.<\/p>\n<h2 class=\"p1\">K\u00fcnstlervermittlung und Promis buchen in Berlin &amp; Barcelona:<\/h2>\n<p><b>Experten f\u00fcr Promi-Events:<\/b> Als f\u00fchrende K\u00fcnstlervermittlungsagentur bietet CLY ein robustes <a href=\"https:\/\/www.cl-y.com\/de\/ueber-uns\/\">Netzwerk nationaler und internationaler Prominenter<\/a> und sorgt so f\u00fcr den Zugang zu erstklassigen Talenten f\u00fcr jedes Event. Mit umfangreicher Erfahrung in Berlin und Barcelona bieten wir eine Vielzahl von Kooperationen und Marketingservices. Ob Sie einen Prominenten f\u00fcr einen roten Teppich-Event, ein Testimonial f\u00fcr Ihre Kampagne oder eine digitale Marketinginitiative ben\u00f6tigen, wir sind bestrebt, die perfekte \u00dcbereinstimmung f\u00fcr Ihre Marke zu finden. Vom ersten Auswahlprozess bis zur finalen Durchf\u00fchrung garantieren wir ein reibungsloses Erlebnis f\u00fcr all Ihre Promi-Buchungsbed\u00fcrfnisse.<\/p>\n<h2>Stars auf allen sozialen Medien<\/h2>\n<p>Als Promi-Marketingagentur in Berlin hat CLY mit bekannten Namen wie <a href=\"https:\/\/www.cl-y.com\/de\/portfolio-item\/escada-eyewear-influencer-kampagne\/\">Escada<\/a> und <a href=\"https:\/\/www.cl-y.com\/de\/portfolio-item\/coca-cola-influencer-kampagne\/\">Coca-Cola<\/a> und dessen deutscher Kampagne<a href=\"https:\/\/www.cl-y.com\/de\/portfolio-item\/coca-cola-influencer-kampagne\/\"> #originalserviert<\/a> auf allen Social-Media-Plattformen gearbeitet, mit einem starken Fokus auf Instagram.<\/p>\n<h2 class=\"p1\">Promi-Buchung leicht gemacht<\/h2>\n<p><b>VIP-Management:<\/b> Wir haben langj\u00e4hrige Erfahrung im Management von prominenten Talenten und ein weitreichendes Netzwerk regionaler und globaler Stars. Dies macht die Buchung von Talenten bei uns m\u00fchelos. F\u00fcr Marken, die Aufmerksamkeit von der Presse erlangen wollen, ist es entscheidend, besondere G\u00e4ste und VIPs f\u00fcr Luxus-Events zu verwalten. Hier erleichtert CLY Promi-Kooperationen und Kampagnen f\u00fcr Produktionen jeder Gr\u00f6\u00dfe.<\/p>\n<p><b>Luxuri\u00f6ser Service:<\/b> Als Experten f\u00fcr die Arbeit mit <a href=\"https:\/\/www.zdf.de\/nachrichten\/panorama\/prominente\" rel=\"noopener\">A-List-Prominenten<\/a> wissen wir, dass diese einen sehr engen Zeitplan haben. Daher stellen wir sicher, dass alle Aktivit\u00e4ten entsprechend geplant werden, und k\u00fcmmern uns um ihre Interviews und andere \u00f6ffentliche Auftritte. Wir buchen ihren Privatjet, bieten einen Empfangsdienst am Flughafen an und haben eine Limousine sowie Sicherheitsvorkehrungen f\u00fcr den Komfort des VIPs bereit. Mit unserer Liebe zum Detail und Erfahrung sorgen wir daf\u00fcr, dass alle Abl\u00e4ufe reibungslos verlaufen und sowohl Ihre Marken-Kunden als auch der Promi zufrieden sind.<\/p>\n<p>&nbsp;<\/p>\n<h2>Der Erfolg als K\u00fcnstleragentur und Agentur f\u00fcr Prominente Stars spricht f\u00fcr sich<\/h2>\n<p>Im Jahr 2019 haben wir mit Calvin Klein und Supermodel Hailey Bieber f\u00fcr eine Brand Experience mit \u00fcber 600 G\u00e4sten zusammengearbeitet. Auch mit der Schweizer Luxusuhrenmarke OMEGA konnten wir bereits mehrfach Events realisieren. Zum Beispiel bei der Einf\u00fchrung der neuen <a href=\"https:\/\/www.cl-y.com\/de\/portfolio-item\/omega-tresor-de-ville-celebrity\/\">OMEGA Tr\u00e9sor de Ville<\/a> mit dem deutschen Model Toni Garrn und Kaia Gerber, amerikanisches Model, Schauspielerin und Tochter der ber\u00fchmten Cindy Crawford.<\/p>\n<p>In Paris organisierte CLY ein spezielles Event f\u00fcr <a href=\"https:\/\/www.cl-y.com\/de\/portfolio-item\/samsung-fashion-week-paris-galaxy\/\">Samsungs Markteinf\u00fchrung<\/a> der Modelle Galaxy S6 und Galaxy S6 Edge w\u00e4hrend der Paris Fashion Week. Wir arbeiteten hierf\u00fcr mit den Supermodels Doutzen Kroes und Gigi Hadid sowie Jared Leto und Brad Goreski. Im Auftrag <a href=\"https:\/\/www.cl-y.com\/de\/portfolio-item\/getaway-magazine-conde-nast-ethan-hawke\/\">des Verlags Cond\u00e9 Nast<\/a> gestaltete CLY gemeinsam mit BMW eine Titelseite und eine Titelstory f\u00fcr das GQ-Special GETAWAY Magazine mit dem Hollywood-Star Ethan Hawke.<\/p>\n<p>Zu den weiteren Prominenten, mit denen CLY zusammenarbeiten durfte, geh\u00f6ren das Supermodel Naomi Campbell, Fu\u00dfballlegende David Beckham, Schauspielerin und Modeunternehmerin Kate Hudson und das &#8218;Model of the Year 2016&#8216; <a href=\"https:\/\/www.cl-y.com\/de\/portfolio-item\/samsung-galaxy-new-york\/\">Bella Hadid.<\/a><\/p>\n<p>[\/read]<\/p>\n<h3><b>\u00a0H\u00e4ufig gestellte Fragen:<\/b><\/h3>\n<p><!--more--><\/p>\n<p><b>Was ist eine Promiagentur?<\/b> Eine Agentur fungiert als Vermittler zwischen Kunden und Prominenten, erleichtert den Buchungsprozess und stellt sicher, dass alle Parteien mit den Bedingungen der Vereinbarung zufrieden sind. Bei CLY \u00fcbernehmen wir die Verhandlungen, Vertr\u00e4ge und die Logistik im Namen unserer Kunden und sorgen so f\u00fcr eine reibungslose und erfolgreiche Zusammenarbeit.<\/p>\n<p><b>Wie kontaktiert man eine Agentur f\u00fcr Prominenten?<\/b> Die Kontaktaufnahme mit uns ist einfach. Kontaktieren Sie uns per E-Mail oder \u00fcber das Kontaktformular auf unserer Website, und wir werden umgehend auf Ihre Anfrage reagieren. Geben Sie so viele Details wie m\u00f6glich zu Ihrer Kampagne oder Veranstaltung an, einschlie\u00dflich Datum, Ort, Budget und speziellen Anforderungen oder Vorlieben.<\/p>\n<p><b>Wie bucht man einen Promi f\u00fcr eine Veranstaltung?<\/b> Der Promi-Buchungsprozess beginnt in der Regel mit einer Kundenanfrage. Sobald wir Ihre Anfrage erhalten, werden wir Ihre Bed\u00fcrfnisse und Vorlieben bewerten und geeignete Talentoptionen empfehlen. Wir kontaktieren dann die Vertretung der Promis, um die Verf\u00fcgbarkeit zu \u00fcberpr\u00fcfen, die Konditionen zu verhandeln und die Buchungsdetails festzulegen. Wir halten Sie w\u00e4hrend des gesamten Prozesses informiert und einbezogen, um sicherzustellen, dass alles Ihren Erwartungen entspricht.<\/p>\n<p><b>Gibt es eine Preisliste f\u00fcr die Promi-Buchung?<\/b> Die Kosten f\u00fcr die Promi-Buchung variieren je nach Prominentem und Dauer des Engagements, aber als grober Richtwert betr\u00e4gt unser Honorar in der Regel etwa 20 % der Gage des Prominenten.<\/p>\n<p><b>Welche Vorteile bietet die Beauftragung einer K\u00fcnstleragentur?<\/b> Die Wahl einer K\u00fcnstleragentur bietet deutliche Vorteile. Mit unseren umfassenden Verbindungen navigieren wir nahtlos durch Publicists und Agenten. Sollte Ihr gew\u00fcnschter K\u00fcnstler nicht verf\u00fcgbar sein, bieten wir alternative Vorschl\u00e4ge, die auf Ihre Kampagne oder Veranstaltung zugeschnitten sind, einschlie\u00dflich Auftritten auf dem roten Teppich. F\u00fcr unkomplizierte Arrangements und spezialisierte Aufmerksamkeit f\u00fcr jedes Detail vertrauen Sie Ihre Bed\u00fcrfnisse einer K\u00fcnstleragentur an. Unsere Erfahrung stellt sicher, dass Ihre Anforderungen fachgerecht erf\u00fcllt werden.<\/p>\n<h3 class=\"p2\">Kontaktieren Sie uns noch heute!<\/h3>\n<p class=\"p2\">Bereit, Ihr Event oder Ihre Werbekampagne mit prominenten Talenten aufzuwerten? Kontaktieren Sie CLY noch heute, um Ihre Buchungsanforderungen zu besprechen, und lassen Sie uns Ihre Vision in die Realit\u00e4t umsetzen. Ob Sie eine Veranstaltung mit rotem Teppich, eine Preisverleihung, eine Wohlt\u00e4tigkeitsveranstaltung oder eine private Feier veranstalten, wir haben die Expertise und Ressourcen, um es wirklich unvergesslich zu machen. Geben Sie sich nicht mit dem Gew\u00f6hnlichen zufrieden \u2013 w\u00e4hlen Sie CLY und machen Sie Ihr Event oder Ihre Kampagne au\u00dfergew\u00f6hnlich.<\/p>\n<p>Als Celebrity-Marketing-Agentur bietet CLY Unterst\u00fctzung und Expertise vom Screening-Prozess bis zur Durchf\u00fchrung jeder Veranstaltung oder Kampagne. Dazu geh\u00f6rt nicht nur das Screening und die Buchung von Vip`s und Celebrities, sondern auch das G\u00e4ste- und Reisemanagement, die Koordination auf dem roten Teppich und das Management von Social Media Kampagnen.[\/vc_column_text][vc_empty_space height=&#8220;160px&#8220;][\/vc_column][\/vc_row][vc_row full_width=&#8220;stretch_row_content&#8220; gap=&#8220;30&#8243; css_animation=&#8220;fadeIn&#8220; row_background_lines=&#8220;none&#8220;][vc_column][vc_basic_grid post_type=&#8220;portfolio-item&#8220; max_items=&#8220;-1&#8243; gap=&#8220;20&#8243; item=&#8220;6557&#8243; grid_id=&#8220;vc_gid:1715628999647-50d8e809-9663-4&#8243; taxonomies=&#8220;61&#8243;][vc_empty_space height=&#8220;20px&#8220;][\/vc_column][\/vc_row]<\/p>\n<\/div>","protected":false},"excerpt":{"rendered":"<p>[vc_row css_animation=&#8220;fadeIn&#8220; row_background_lines=&#8220;none&#8220;][vc_column][vc_empty_space height=&#8220;220px&#8220;][vc_column_text css=&#8220;.vc_custom_1715629042773{padding-right: 20% !important;padding-left: 20% !important;}&#8220;] Prominente Stars buchen Unser Team erfahrener Buchungsagenten verf\u00fcgt \u00fcber ein starkes Netzwerk an Prominenten und Stars und begleitet Sie von Anfang an bei der Akquise und Organisation von Prominenten. Von der Kontaktaufnahme mit einem Prominenten bis hin zur [&hellip;]<\/p>\n","protected":false},"author":2,"featured_media":7511,"parent":0,"menu_order":0,"comment_status":"closed","ping_status":"closed","template":"full-width.php","meta":{"footnotes":""},"class_list":["post-7941","page","type-page","status-publish","has-post-thumbnail","hentry"],"_links":{"self":[{"href":"https:\/\/www.cl-y.com\/de\/wp-json\/wp\/v2\/pages\/7941","targetHints":{"allow":["GET"]}}],"collection":[{"href":"https:\/\/www.cl-y.com\/de\/wp-json\/wp\/v2\/pages"}],"about":[{"href":"https:\/\/www.cl-y.com\/de\/wp-json\/wp\/v2\/types\/page"}],"author":[{"embeddable":true,"href":"https:\/\/www.cl-y.com\/de\/wp-json\/wp\/v2\/users\/2"}],"replies":[{"embeddable":true,"href":"https:\/\/www.cl-y.com\/de\/wp-json\/wp\/v2\/comments?post=7941"}],"version-history":[{"count":19,"href":"https:\/\/www.cl-y.com\/de\/wp-json\/wp\/v2\/pages\/7941\/revisions"}],"predecessor-version":[{"id":8329,"href":"https:\/\/www.cl-y.com\/de\/wp-json\/wp\/v2\/pages\/7941\/revisions\/8329"}],"wp:featuredmedia":[{"embeddable":true,"href":"https:\/\/www.cl-y.com\/de\/wp-json\/wp\/v2\/media\/7511"}],"wp:attachment":[{"href":"https:\/\/www.cl-y.com\/de\/wp-json\/wp\/v2\/media?parent=7941"}],"curies":[{"name":"wp","href":"https:\/\/api.w.org\/{rel}","templated":true}]}}